{"id":2,"date":"2014-01-27T14:40:32","date_gmt":"2014-01-27T14:40:32","guid":{"rendered":"http:\/\/blog.zsconsult.de\/?page_id=2"},"modified":"2014-01-31T16:24:48","modified_gmt":"2014-01-31T14:24:48","slug":"beispiel-seite","status":"publish","type":"page","link":"https:\/\/blog.zsconsult.de\/?page_id=2","title":{"rendered":"\u00dcber ZS Consult"},"content":{"rendered":"<p>Wir sind ein Beratungsunternehmen, das vor allem mittelst\u00e4ndische Unternehmen bei der internen und externen Kommunikation unterst\u00fctzt.\u00a0Auf der Grundlage eigener jahrelanger Projekt- und F\u00fchrungserfahrung in der deutschen Wirtschaft gelingt es uns, hochwertige Komplettl\u00f6sungen f\u00fcr unterschiedlichste Projektgr\u00f6\u00dfen und Themenkomplexe anzubieten.\u00a0Unternehmen profitieren von unseren schnell umsetzbaren L\u00f6sungen im Bereich der Unternehmenskommunikation, der Personalentwicklung und der strategischen Managementberatung.\u00a0Wir arbeiten auf hohem Niveau. Unsere Kunden sch\u00e4tzen unsere professionellen Tools, aber auch unsere offene und ehrliche Art. Als Personen stehen wir f\u00fcr unseren Qualit\u00e4tsanspruch und unsere Authentizit\u00e4t.<\/p>\n<p>Besuchen Sie auch unsere <a title=\"ZS Consult GmbH\" href=\"http:\/\/www.zsconsult.de\" target=\"_blank\">Webseite<\/a> um mehr \u00fcber ZS Consult zu erfahren.<\/p>\n","protected":false},"excerpt":{"rendered":"<p>Wir sind ein Beratungsunternehmen, das vor allem mittelst\u00e4ndische Unternehmen bei der internen und externen Kommunikation unterst\u00fctzt.\u00a0Auf der Grundlage eigener jahrelanger Projekt- und F\u00fchrungserfahrung in der deutschen Wirtschaft gelingt es uns, hochwertige Komplettl\u00f6sungen f\u00fcr unterschiedlichste Projektgr\u00f6\u00dfen und Themenkomplexe anzubieten.\u00a0Unternehmen profitieren von unseren schnell umsetzbaren L\u00f6sungen im Bereich der Unternehmenskommunikation, der Personalentwicklung und der strategischen Managementberatung.\u00a0Wir arbeiten [&hellip;]<\/p>\n","protected":false},"author":1,"featured_media":0,"parent":0,"menu_order":0,"comment_status":"open","ping_status":"open","template":"","meta":{"footnotes":""},"class_list":["post-2","page","type-page","status-publish","hentry"],"_links":{"self":[{"href":"https:\/\/blog.zsconsult.de\/index.php?rest_route=\/wp\/v2\/pages\/2","targetHints":{"allow":["GET"]}}],"collection":[{"href":"https:\/\/blog.zsconsult.de\/index.php?rest_route=\/wp\/v2\/pages"}],"about":[{"href":"https:\/\/blog.zsconsult.de\/index.php?rest_route=\/wp\/v2\/types\/page"}],"author":[{"embeddable":true,"href":"https:\/\/blog.zsconsult.de\/index.php?rest_route=\/wp\/v2\/users\/1"}],"replies":[{"embeddable":true,"href":"https:\/\/blog.zsconsult.de\/index.php?rest_route=%2Fwp%2Fv2%2Fcomments&post=2"}],"version-history":[{"count":3,"href":"https:\/\/blog.zsconsult.de\/index.php?rest_route=\/wp\/v2\/pages\/2\/revisions"}],"predecessor-version":[{"id":41,"href":"https:\/\/blog.zsconsult.de\/index.php?rest_route=\/wp\/v2\/pages\/2\/revisions\/41"}],"wp:attachment":[{"href":"https:\/\/blog.zsconsult.de\/index.php?rest_route=%2Fwp%2Fv2%2Fmedia&parent=2"}],"curies":[{"name":"wp","href":"https:\/\/api.w.org\/{rel}","templated":true}]}}